{"id":2,"date":"2023-03-28T20:49:38","date_gmt":"2023-03-28T20:49:38","guid":{"rendered":"https:\/\/redmocracia.org\/blog\/?page_id=2"},"modified":"2023-03-28T22:24:13","modified_gmt":"2023-03-28T22:24:13","slug":"sample-page","status":"publish","type":"page","link":"https:\/\/redmocracia.org\/blog\/index.php\/sample-page\/","title":{"rendered":"Sobre Redmocracia"},"content":{"rendered":"\n<p class=\"{p.justificar(text-aling: justify;}\" id=\"2e31\">Redmocracia\u00a0es una fundaci\u00f3n aut\u00f3noma descentralizada con raz\u00f3n jur\u00eddica criptogr\u00e1fica.\u00a0Redmocracia\u00a0es un t\u00e9rmino acu\u00f1ado por el proyecto\u00a0Redmocracia.org\u00a0, Una plataforma descentralizada basada en Blockchain para la toma de decisiones democr\u00e1tica. La plataforma que encuentra aqu\u00ed est\u00e1 dise\u00f1ada para permitir que las personas propongan y voten propuestas, los resultados se registran en la cadena de tiempo\u00a0Blockchain\u00a0para garantizar transparencia y seguridad plena en el resultado, fomentamos la votaci\u00f3n par a par sin intermediarios.<\/p>\n\n\n\n<p id=\"a78a\">Nuestra tecnolog\u00eda est\u00e1 destinada a ser utilizada para la toma de decisiones en todos los niveles, desde las comunidades locales hasta la gobernanza global en cualquier tipo de organizaci\u00f3n.<\/p>\n\n\n\n<p id=\"8ed0\">Mediante el uso de tecnolog\u00eda blockchain. Nuestra tecnolog\u00eda est\u00e1 dise\u00f1ada para empoderar a las personas y las comunidades para que tomen el control de sus propios procesos de toma de decisiones, en lugar de depender de instituciones, partidos pol\u00edticos o l\u00edderes tradicionales.<\/p>\n\n\n\n<p id=\"ee70\">Pretendemos ser una alternativa m\u00e1s democr\u00e1tica y descentralizada a los sistemas tradicionales de toma de decisiones que usan bases de datos centralizadas y muchas ma\u00f1as, con Redmocracia los votos y el resultado se calculan inmediatamente sin ning\u00fan riesgo de alteraci\u00f3n del resultado, nunca tendremos la posibilidad de alterar ning\u00fan proceso debido a las caracter\u00edsticas propias de Blockchain.<\/p>\n","protected":false},"excerpt":{"rendered":"<p>Redmocracia\u00a0es una fundaci\u00f3n aut\u00f3noma descentralizada con raz\u00f3n jur\u00eddica criptogr\u00e1fica.\u00a0Redmocracia\u00a0es un t\u00e9rmino acu\u00f1ado por el proyecto\u00a0Redmocracia.org\u00a0, Una plataforma descentralizada basada en Blockchain para la toma de decisiones democr\u00e1tica. La plataforma que encuentra aqu\u00ed est\u00e1 dise\u00f1ada para permitir que las personas propongan y voten propuestas, los resultados se registran en la cadena de tiempo\u00a0Blockchain\u00a0para garantizar transparencia y [&hellip;]<\/p>\n","protected":false},"author":1,"featured_media":0,"parent":0,"menu_order":0,"comment_status":"closed","ping_status":"closed","template":"","meta":{"footnotes":""},"class_list":["post-2","page","type-page","status-publish","hentry"],"_links":{"self":[{"href":"https:\/\/redmocracia.org\/blog\/index.php\/wp-json\/wp\/v2\/pages\/2","targetHints":{"allow":["GET"]}}],"collection":[{"href":"https:\/\/redmocracia.org\/blog\/index.php\/wp-json\/wp\/v2\/pages"}],"about":[{"href":"https:\/\/redmocracia.org\/blog\/index.php\/wp-json\/wp\/v2\/types\/page"}],"author":[{"embeddable":true,"href":"https:\/\/redmocracia.org\/blog\/index.php\/wp-json\/wp\/v2\/users\/1"}],"replies":[{"embeddable":true,"href":"https:\/\/redmocracia.org\/blog\/index.php\/wp-json\/wp\/v2\/comments?post=2"}],"version-history":[{"count":2,"href":"https:\/\/redmocracia.org\/blog\/index.php\/wp-json\/wp\/v2\/pages\/2\/revisions"}],"predecessor-version":[{"id":45,"href":"https:\/\/redmocracia.org\/blog\/index.php\/wp-json\/wp\/v2\/pages\/2\/revisions\/45"}],"wp:attachment":[{"href":"https:\/\/redmocracia.org\/blog\/index.php\/wp-json\/wp\/v2\/media?parent=2"}],"curies":[{"name":"wp","href":"https:\/\/api.w.org\/{rel}","templated":true}]}}