{"id":89,"date":"2024-08-11T23:41:01","date_gmt":"2024-08-11T23:41:01","guid":{"rendered":"https:\/\/mauriciobaron.co\/rumboalamesa\/?page_id=89"},"modified":"2024-10-08T20:46:19","modified_gmt":"2024-10-08T20:46:19","slug":"2-enlace-a-la-urna-de-votacion-por-region","status":"publish","type":"page","link":"https:\/\/redmocracia.org\/curuldigital\/index.php\/2-enlace-a-la-urna-de-votacion-por-region\/","title":{"rendered":"Urna Digital \ud83c\udde8\ud83c\uddf4"},"content":{"rendered":"<h4><strong>\u00a1Bienvenido al proceso de votaci\u00f3n digital!<\/strong><\/h4>\n<p style=\"text-align: justify;\">En el <a href=\"https:\/\/redmocracia.org\/curuldigital\/wp-content\/uploads\/2024\/10\/regiones.pdf\">siguiente enlace<\/a> podr\u00e1 encontrar una gu\u00eda para saber en qu\u00e9 regi\u00f3n de Colombia o el mundo vive usted, para efectos de saber la urna de votaci\u00f3n digital que le corresponde para ejercer su derecho al voto.<\/p>\n<blockquote>\n<h3>Haga clic en el siguiente listado seg\u00fan corresponda, para ir a la mesa de votaci\u00f3n digital que le corresponde. MUY PRONTO&#8230; \ud83d\ude09<\/h3>\n<\/blockquote>\n<ol>\n<li><a href=\"https:\/\/redmocracia.org\/\">\u00c1frica del Norte<\/a><\/li>\n<li>\u00c1frica Subsahariana<\/li>\n<li>Am\u00e9rica Central<\/li>\n<li>Am\u00e9rica del Norte<\/li>\n<li>Am\u00e9rica del Sur (excepto Colombia)<\/li>\n<li>Asia<\/li>\n<li>Caribe<\/li>\n<li>Europa del Este<\/li>\n<li>Europa del Norte<\/li>\n<li>Europa del Sur<\/li>\n<li>Europa Occidental<\/li>\n<li>Medio Oriente<\/li>\n<li>Ocean\u00eda<\/li>\n<li>Regi\u00f3n Amaz\u00f3nica<\/li>\n<li>Regi\u00f3n Andina<\/li>\n<li>Regi\u00f3n Caribe<\/li>\n<li>Regi\u00f3n Insular<\/li>\n<li>Regi\u00f3n Orinoqu\u00eda<\/li>\n<li>Regi\u00f3n Pac\u00edfico<\/li>\n<\/ol>\n<p>&nbsp;<\/p>\n","protected":false},"excerpt":{"rendered":"<p>\u00a1Bienvenido al proceso de votaci\u00f3n digital! En el siguiente enlace podr\u00e1 encontrar una gu\u00eda para saber en qu\u00e9 regi\u00f3n de Colombia o el mundo vive usted, para efectos de saber la urna de votaci\u00f3n digital que le corresponde para ejercer su derecho al voto. Haga clic en el siguiente listado seg\u00fan corresponda, para ir a [&hellip;]<\/p>\n","protected":false},"author":1,"featured_media":0,"parent":0,"menu_order":0,"comment_status":"closed","ping_status":"closed","template":"","meta":{"footnotes":""},"class_list":["post-89","page","type-page","status-publish","hentry"],"_links":{"self":[{"href":"https:\/\/redmocracia.org\/curuldigital\/index.php\/wp-json\/wp\/v2\/pages\/89","targetHints":{"allow":["GET"]}}],"collection":[{"href":"https:\/\/redmocracia.org\/curuldigital\/index.php\/wp-json\/wp\/v2\/pages"}],"about":[{"href":"https:\/\/redmocracia.org\/curuldigital\/index.php\/wp-json\/wp\/v2\/types\/page"}],"author":[{"embeddable":true,"href":"https:\/\/redmocracia.org\/curuldigital\/index.php\/wp-json\/wp\/v2\/users\/1"}],"replies":[{"embeddable":true,"href":"https:\/\/redmocracia.org\/curuldigital\/index.php\/wp-json\/wp\/v2\/comments?post=89"}],"version-history":[{"count":19,"href":"https:\/\/redmocracia.org\/curuldigital\/index.php\/wp-json\/wp\/v2\/pages\/89\/revisions"}],"predecessor-version":[{"id":129,"href":"https:\/\/redmocracia.org\/curuldigital\/index.php\/wp-json\/wp\/v2\/pages\/89\/revisions\/129"}],"wp:attachment":[{"href":"https:\/\/redmocracia.org\/curuldigital\/index.php\/wp-json\/wp\/v2\/media?parent=89"}],"curies":[{"name":"wp","href":"https:\/\/api.w.org\/{rel}","templated":true}]}}